{"id":6419,"date":"2012-05-28T10:58:49","date_gmt":"2012-05-28T08:58:49","guid":{"rendered":"http:\/\/www.scuolabasketnoventavicentina.org\/?page_id=6419"},"modified":"2016-06-09T09:28:20","modified_gmt":"2016-06-09T07:28:20","slug":"fqa","status":"publish","type":"page","link":"https:\/\/www.scuolabasketnoventapojana.org\/?page_id=6419","title":{"rendered":"FQA"},"content":{"rendered":"<p><em>Frequently Questioned Answers:<\/em><\/p>\n<p><strong><em>Come viene organizzata la giornata?<\/em><\/strong><\/p>\n<p>Allora, dopo l&#8217; accoglienza alle ore 08.30 vengono formati i gruppi divisi per et\u00e0 ed intorno alle ore 9 iniziano le attivit\u00e0 sportive.<\/p>\n<p>In linea di massima faremo 3 o 4\u00a0attivit\u00e0 diverse ogni mattina; ogni 40\/45&#8242; i ragazzi cambieranno istruttore e tipo di gioco; dopo la seconda proposta, alle 10.10\/30, ci sar\u00e0 la merenda; alle 10.30\/11 si ripartir\u00e0 con l&#8217; ultima parte fino alle ore 12.<\/p>\n<p>&nbsp;<\/p>\n<p><em><strong>La merenda?<\/strong><\/em><\/p>\n<p>Noi con l&#8217; iscrizione forniamo anche una merenda al mattino ed una al pomeriggio. In linea di massima il mattino sar\u00e0 uno jogurt od un frutto, il pomeriggio una macedonia, un dolcetto, un frutto, ecc.<\/p>\n<p>Se volete far portare ai ragazzi qualcosa in pi\u00f9 (specialmente al mattino se arrivano gi\u00e0 alle 7.30) ovviamente non ci sono problemi.<\/p>\n<p><em><strong>I compiti?<\/strong><\/em><\/p>\n<p>Da programma il primo pomeriggio viene utilizzato per far fare i compiti delle vacanze. L&#8217; idea sarebbe di far portare lo zaino con tutto l&#8217; occorrente il luned\u00ec e di lasciarlo li fino al venerd\u00ec in modo da non dover portare avanti e indietro tutti i giorni lo zaino. Poi se qualcuno preferisce portarlo a casa ogni giorno per noi non ci sono problemi.<\/p>\n<p><em><strong> <\/strong><\/em><\/p>\n<p><em><strong>Ma la piscina \u00e8 compresa?<\/strong><\/em><\/p>\n<p><em><strong> <\/strong><\/em>Si nella quota \u00e8 compresa la piscina, anche per chi frequenta solo mezza giornata il Venerd\u00ec ha senza costi aggiuntivi la giornata intera. Il Venerd\u00ec bisogna portarsi il pranzo al sacco.<\/p>\n<p><em><strong> <\/strong><\/em><\/p>\n<p><em><strong>Se il\u00a0Venerd\u00ec piove?<\/strong><\/em><\/p>\n<p>Se l&#8217; uscita viene annullata per cattivo tempo il Venerd\u00ec si rimane a Pojana, con gli orari normali: chi esce alle 12 e chi rimane per la giornata intera; il pranzo viene per\u00f2 fatto al sacco ossia con quello che i ragazzi avrebbero\u00a0dovuto mangiare\u00a0in piscina.<\/p>\n<p><em><strong> <\/strong><\/em><\/p>\n<p><em><strong>Ma se uno non e tanto sportivo?<\/strong><\/em><\/p>\n<p>Il Camp \u00e8 aperto a tutti e non ci sono problemi se un ragazzo non pratica nessuna attivit\u00e0 sportiva, anzi, per noi sar\u00e0 una sfida nel cercare di fare appassionare questi ragazzi allo sport con tutti i benefici che ne deriverebbero per lui.<\/p>\n<p><em><strong> <\/strong><\/em><\/p>\n<p><em><strong>Si possono acquistare i buoni pasto tutti subito?<\/strong><\/em><\/p>\n<p>Per evitare tanti foglietti da portare quotidianamente abbiamo organizzato in questo modo: si possono acquistare un certo numero di buoni pasto, teniamo noi una cartella con il numero di pasti acquistati e poi contiamo quelli che vengono usati effettivamente. Nel caso uno avesse acquistato ad esempio 16 pasti e, poi, per motivi vari (malattia, assenza, ecc)\u00a0non li usasse tutti, gli verranno\u00a0a restituiti i soldi pagati in pi\u00f9.<span style=\"text-decoration: underline;\"><em> Il consiglio \u00e8 comunque di acquistare i 4 buoni pasto per la settimana il Luned\u00ec mattina all&#8217;arrivo al Camp<\/em><\/span>.<\/p>\n<p><em><strong> <\/strong><\/em><\/p>\n<p><em><strong>E&#8217; possibile rimanere a casa dalla piscina?<\/strong><\/em><\/p>\n<p>La cosa si potr\u00e0 fare solo se il numero di bambini\/ragazzi sar\u00e0 di almeno 10; in tal caso questi potrebbero rimanere a fare la giornata a Pojana, ma il servizio mensa non potrebbe essere fatto, quindi si mangerebbe al sacco. Se non\u00a0avremo almeno 10 adesioni le alternative possibili saranno: 1- andare in piscina; 2-\u00a0non partecipare al Camp per la giornata (non sono previsti rimborsi).<\/p>\n<p><em><strong> <\/strong><\/em><\/p>\n","protected":false},"excerpt":{"rendered":"<p>Frequently Questioned Answers: Come viene organizzata la giornata? Allora, dopo l&#8217; accoglienza alle ore 08.30 vengono formati i gruppi divisi per et\u00e0 ed intorno alle ore 9 iniziano le attivit\u00e0 sportive. In linea di massima faremo 3 o 4\u00a0attivit\u00e0 diverse ogni mattina; ogni 40\/45&#8242; i ragazzi cambieranno istruttore e tipo di gioco; dopo la seconda [&hellip;]<\/p>\n","protected":false},"author":88286,"featured_media":0,"parent":726,"menu_order":12,"comment_status":"open","ping_status":"closed","template":"","meta":{"footnotes":""},"class_list":["post-6419","page","type-page","status-publish","hentry"],"_links":{"self":[{"href":"https:\/\/www.scuolabasketnoventapojana.org\/index.php?rest_route=\/wp\/v2\/pages\/6419","targetHints":{"allow":["GET"]}}],"collection":[{"href":"https:\/\/www.scuolabasketnoventapojana.org\/index.php?rest_route=\/wp\/v2\/pages"}],"about":[{"href":"https:\/\/www.scuolabasketnoventapojana.org\/index.php?rest_route=\/wp\/v2\/types\/page"}],"author":[{"embeddable":true,"href":"https:\/\/www.scuolabasketnoventapojana.org\/index.php?rest_route=\/wp\/v2\/users\/88286"}],"replies":[{"embeddable":true,"href":"https:\/\/www.scuolabasketnoventapojana.org\/index.php?rest_route=%2Fwp%2Fv2%2Fcomments&post=6419"}],"version-history":[{"count":26,"href":"https:\/\/www.scuolabasketnoventapojana.org\/index.php?rest_route=\/wp\/v2\/pages\/6419\/revisions"}],"predecessor-version":[{"id":6421,"href":"https:\/\/www.scuolabasketnoventapojana.org\/index.php?rest_route=\/wp\/v2\/pages\/6419\/revisions\/6421"}],"up":[{"embeddable":true,"href":"https:\/\/www.scuolabasketnoventapojana.org\/index.php?rest_route=\/wp\/v2\/pages\/726"}],"wp:attachment":[{"href":"https:\/\/www.scuolabasketnoventapojana.org\/index.php?rest_route=%2Fwp%2Fv2%2Fmedia&parent=6419"}],"curies":[{"name":"wp","href":"https:\/\/api.w.org\/{rel}","templated":true}]}}