{"id":6279,"date":"2012-05-12T08:24:27","date_gmt":"2012-05-12T06:24:27","guid":{"rendered":"http:\/\/www.scuolabasketnoventavicentina.org\/?page_id=6279"},"modified":"2017-04-26T11:08:52","modified_gmt":"2017-04-26T09:08:52","slug":"regolamento","status":"publish","type":"page","link":"https:\/\/www.scuolabasketnoventapojana.org\/?page_id=6279","title":{"rendered":"Regolamento"},"content":{"rendered":"<p style=\"text-align: center;\"><strong><em>SUMMER\u00a0SPORTS CAMP 2016<br \/>\n<\/em><\/strong><\/p>\n<p><strong>Regolamento<\/strong><\/p>\n<p>1. Per frequentare il Centro Estivo occorre aver compilato il modulo d&#8217;iscrizione e regolarizzato il pagamento;<\/p>\n<p>2. Abbigliamento: portarsi un cappellino e le scarpe pulite da lasciare al camp per le attivit\u00e0 in palestra; per la giornata in Piscina bisogna portarsi: costume, ciabatte, cuffia rossa, accappatoio, un telo da appoggiare sul prato ed un cambio.<\/p>\n<p>3. Il pranzo (costo giornaliero 5\u20ac) sar\u00e0 servito nella mensa\u00a0scolastica e verr\u00e0 fornito dall\u2019 azienda certificata CAMST; sono previste anche una merenda a met\u00e0 mattinata ed una a met\u00e0 pomeriggio comprese nella quota di iscrizione.<\/p>\n<p>4. L\u2019accoglienza al CAMP sar\u00e0 dalle ore 7.30 alle 08.30; le uscite alle 12.00\/12.30 o dalle 17.00 alle 17.30; il rientro \u00e8 alle ore 13.15\/13.30. Il giorno della piscina la partenza sar\u00e0 alle ore 09.00 ed il rientro alle 17.00.<\/p>\n<p>5. Si raccomanda la pi\u00f9 tassativa puntualit\u00e0 negli orari di arrivo e congedo dei ragazzi per permettere un regolare svolgimento delle attivit\u00e0 nei tempi previsti.<\/p>\n<p>6. Si raccomanda un comportamento corretto dei partecipanti in ogni situazione. In caso di situazione di forte disagio, sar\u00e0 chiesto un incontro con i genitori e potr\u00e0 seguire l\u2019esclusione dal centro estivo con conseguente perdita della relativa quota di iscrizione e partecipazione.<\/p>\n<p>7. Per poter iscrivere il figlio sar\u00e0 necessario sottoscrivere ed accettare il presente regolamento, completare il modulo di iscrizione in ogni sua parte.<\/p>\n<p>8. In caso di ritardi o contrattempi, i genitori DEVONO avvisare telefonicamente i responsabili del Centro.<\/p>\n<p>9. Nessun partecipante sar\u00e0 lasciato uscire per recarsi da solo alla propria abitazione, salvo specifica autorizzazione presente nel modulo di iscrizione.<\/p>\n<p>10. Entro qualche giorno dall\u2019inizio del CAMP verr\u00e0 rilasciata la ricevuta da parte dell\u2019associazione SCUOLA BASKET NOVENTA VICENTINA, con la quale sar\u00e0 possibile detrarre il costo nella dichiarazione dei redditi, secondo i termini di legge come spese di carattere sportivo.<\/p>\n<p>11. I bambini che durante il periodo scolastico sono seguiti da personale di sostegno saranno ammessi soltanto se verr\u00e0 messo a disposizione da parte di qualche ente, del personale specifico per la loro supervisione. NB:\u00a0<span style=\"text-decoration: underline;\">Il servizio \u00e8 gratuito e garantito dall&#8217; ULSS<\/span>;<\/p>\n<p>&nbsp;<\/p>\n<p style=\"text-align: center;\"><em><strong>LUOGO DI SVOLGIMENTO ATTIVITA\u2019:<\/strong><\/em><\/p>\n<p><em>Tutti gli spazi (eccetto la Piscina) che verranno utilizzati saranno ad<strong> uso esclusivo dei ragazzi partecipanti<\/strong> ed iscritti al CAMP.<\/em><\/p>\n<p>Le attivit\u00e0 in base al tempo ed alle temperature verranno fatte sia all\u2019 esterno che all\u2019interno presso le seguenti strutture:<\/p>\n<ul>\n<li>Palestra della ex-Scuola Primaria;<\/li>\n<li><span style=\"text-decoration: underline;\">La palestra delle \u201cMedie\u201d e lo spazio esterno<\/span> (\u201cpista di atletica e campetto da Calcio);<\/li>\n<li>Mensa Scolastica (Per pranzo, Compiti, Giochi di gruppo ed attivit\u00e0 con Musica);<\/li>\n<li>Sala Polifunzionale (per Film e Teatro);<\/li>\n<\/ul>\n<p>&nbsp;<\/p>\n<p style=\"text-align: center;\">I responsabili del Centro Estivo<\/p>\n<p style=\"text-align: center;\">Bocchese Mauro e Gennaro Jessica<\/p>\n","protected":false},"excerpt":{"rendered":"<p>SUMMER\u00a0SPORTS CAMP 2016 Regolamento 1. Per frequentare il Centro Estivo occorre aver compilato il modulo d&#8217;iscrizione e regolarizzato il pagamento; 2. Abbigliamento: portarsi un cappellino e le scarpe pulite da lasciare al camp per le attivit\u00e0 in palestra; per la giornata in Piscina bisogna portarsi: costume, ciabatte, cuffia rossa, accappatoio, un telo da appoggiare sul [&hellip;]<\/p>\n","protected":false},"author":88286,"featured_media":0,"parent":726,"menu_order":9,"comment_status":"open","ping_status":"closed","template":"","meta":{"footnotes":""},"class_list":["post-6279","page","type-page","status-publish","hentry"],"_links":{"self":[{"href":"https:\/\/www.scuolabasketnoventapojana.org\/index.php?rest_route=\/wp\/v2\/pages\/6279","targetHints":{"allow":["GET"]}}],"collection":[{"href":"https:\/\/www.scuolabasketnoventapojana.org\/index.php?rest_route=\/wp\/v2\/pages"}],"about":[{"href":"https:\/\/www.scuolabasketnoventapojana.org\/index.php?rest_route=\/wp\/v2\/types\/page"}],"author":[{"embeddable":true,"href":"https:\/\/www.scuolabasketnoventapojana.org\/index.php?rest_route=\/wp\/v2\/users\/88286"}],"replies":[{"embeddable":true,"href":"https:\/\/www.scuolabasketnoventapojana.org\/index.php?rest_route=%2Fwp%2Fv2%2Fcomments&post=6279"}],"version-history":[{"count":18,"href":"https:\/\/www.scuolabasketnoventapojana.org\/index.php?rest_route=\/wp\/v2\/pages\/6279\/revisions"}],"predecessor-version":[{"id":6281,"href":"https:\/\/www.scuolabasketnoventapojana.org\/index.php?rest_route=\/wp\/v2\/pages\/6279\/revisions\/6281"}],"up":[{"embeddable":true,"href":"https:\/\/www.scuolabasketnoventapojana.org\/index.php?rest_route=\/wp\/v2\/pages\/726"}],"wp:attachment":[{"href":"https:\/\/www.scuolabasketnoventapojana.org\/index.php?rest_route=%2Fwp%2Fv2%2Fmedia&parent=6279"}],"curies":[{"name":"wp","href":"https:\/\/api.w.org\/{rel}","templated":true}]}}