{"id":4826,"date":"2011-12-10T00:25:10","date_gmt":"2011-12-09T22:25:10","guid":{"rendered":"http:\/\/www.scuolabasketnoventavicentina.org\/?page_id=4826"},"modified":"2011-12-10T00:51:38","modified_gmt":"2011-12-09T22:51:38","slug":"esordienti","status":"publish","type":"page","link":"https:\/\/www.scuolabasketnoventapojana.org\/?page_id=4826","title":{"rendered":"ESORDIENTI"},"content":{"rendered":"<div>\n<table border=\"0\" cellspacing=\"0\" cellpadding=\"0\" width=\"605\">\n<tbody>\n<tr>\n<td width=\"28\" valign=\"bottom\">\u00a0<\/td>\n<td width=\"204\" valign=\"bottom\"><strong>Posizione Squadra<\/strong><\/td>\n<td width=\"49\" valign=\"bottom\"><strong>G<\/strong><\/td>\n<td width=\"49\" valign=\"bottom\"><strong>V<\/strong><\/td>\n<td width=\"49\" valign=\"bottom\"><strong>P<\/strong><\/td>\n<td width=\"49\" valign=\"bottom\"><strong>F<\/strong><\/td>\n<td width=\"49\" valign=\"bottom\"><strong>S<\/strong><\/td>\n<td width=\"49\" valign=\"bottom\"><strong>Punti<\/strong><\/td>\n<td width=\"49\" valign=\"bottom\"><strong>Diff..<\/strong><\/td>\n<\/tr>\n<tr>\n<td width=\"28\" valign=\"bottom\">\u00a0<\/td>\n<td width=\"204\" valign=\"bottom\">\u00a0<\/td>\n<td width=\"49\" valign=\"bottom\">\u00a0<\/td>\n<td width=\"49\" valign=\"bottom\">\u00a0<\/td>\n<td width=\"49\" valign=\"bottom\">\u00a0<\/td>\n<td width=\"49\" valign=\"bottom\">\u00a0<\/td>\n<td width=\"49\" valign=\"bottom\">\u00a0<\/td>\n<td width=\"49\" valign=\"bottom\">2<\/td>\n<td width=\"49\" valign=\"bottom\">\u00a0<\/td>\n<\/tr>\n<tr>\n<td width=\"28\" valign=\"bottom\">1<\/td>\n<td width=\"204\" valign=\"bottom\">M.B. SAN GIUSEPPE<\/td>\n<td width=\"49\" valign=\"bottom\">14<\/td>\n<td width=\"49\" valign=\"bottom\">14<\/td>\n<td width=\"49\" valign=\"bottom\">0<\/td>\n<td width=\"49\" valign=\"bottom\">1081<\/td>\n<td width=\"49\" valign=\"bottom\">249<\/td>\n<td width=\"49\" valign=\"bottom\">28<\/td>\n<td width=\"49\" valign=\"bottom\">832<\/td>\n<\/tr>\n<tr>\n<td width=\"28\" valign=\"bottom\">2<\/td>\n<td width=\"204\" valign=\"bottom\">PALL. ALTAVILLA<\/td>\n<td width=\"49\" valign=\"bottom\">14<\/td>\n<td width=\"49\" valign=\"bottom\">11<\/td>\n<td width=\"49\" valign=\"bottom\">3<\/td>\n<td width=\"49\" valign=\"bottom\">746<\/td>\n<td width=\"49\" valign=\"bottom\">406<\/td>\n<td width=\"49\" valign=\"bottom\">22<\/td>\n<td width=\"49\" valign=\"bottom\">340<\/td>\n<\/tr>\n<tr>\n<td width=\"28\" valign=\"bottom\"><strong>3<\/strong><\/td>\n<td width=\"204\" valign=\"bottom\"><strong><em>SC. BASKET NOVENTA<\/em><\/strong><\/td>\n<td width=\"49\" valign=\"bottom\"><strong>14<\/strong><\/td>\n<td width=\"49\" valign=\"bottom\"><strong>9<\/strong><\/td>\n<td width=\"49\" valign=\"bottom\"><strong>5<\/strong><\/td>\n<td width=\"49\" valign=\"bottom\"><strong>648<\/strong><\/td>\n<td width=\"49\" valign=\"bottom\"><strong>444<\/strong><\/td>\n<td width=\"49\" valign=\"bottom\"><strong><em>18<\/em><\/strong><\/td>\n<td width=\"49\" valign=\"bottom\"><strong>204<\/strong><\/td>\n<\/tr>\n<tr>\n<td width=\"28\" valign=\"bottom\">4<\/td>\n<td width=\"204\" valign=\"bottom\">NUOVO ARGINE<\/td>\n<td width=\"49\" valign=\"bottom\">13<\/td>\n<td width=\"49\" valign=\"bottom\">7<\/td>\n<td width=\"49\" valign=\"bottom\">6<\/td>\n<td width=\"49\" valign=\"bottom\">620<\/td>\n<td width=\"49\" valign=\"bottom\">527<\/td>\n<td width=\"49\" valign=\"bottom\">14<\/td>\n<td width=\"49\" valign=\"bottom\">93<\/td>\n<\/tr>\n<tr>\n<td width=\"28\" valign=\"bottom\">5<\/td>\n<td width=\"204\" valign=\"bottom\">M.B. 7 MULINI<\/td>\n<td width=\"49\" valign=\"bottom\">13<\/td>\n<td width=\"49\" valign=\"bottom\">5<\/td>\n<td width=\"49\" valign=\"bottom\">8<\/td>\n<td width=\"49\" valign=\"bottom\">266<\/td>\n<td width=\"49\" valign=\"bottom\">644<\/td>\n<td width=\"49\" valign=\"bottom\">10<\/td>\n<td width=\"49\" valign=\"bottom\">-378<\/td>\n<\/tr>\n<tr>\n<td width=\"28\" valign=\"bottom\">6<\/td>\n<td width=\"204\" valign=\"bottom\">M.B. ARACELI<\/td>\n<td width=\"49\" valign=\"bottom\">12<\/td>\n<td width=\"49\" valign=\"bottom\">4<\/td>\n<td width=\"49\" valign=\"bottom\">8<\/td>\n<td width=\"49\" valign=\"bottom\">377<\/td>\n<td width=\"49\" valign=\"bottom\">650<\/td>\n<td width=\"49\" valign=\"bottom\">8<\/td>\n<td width=\"49\" valign=\"bottom\">-273<\/td>\n<\/tr>\n<tr>\n<td width=\"28\" valign=\"bottom\">7<\/td>\n<td width=\"204\" valign=\"bottom\">POL. LONGARE<\/td>\n<td width=\"49\" valign=\"bottom\">12<\/td>\n<td width=\"49\" valign=\"bottom\">2<\/td>\n<td width=\"49\" valign=\"bottom\">10<\/td>\n<td width=\"49\" valign=\"bottom\">284<\/td>\n<td width=\"49\" valign=\"bottom\">527<\/td>\n<td width=\"49\" valign=\"bottom\">4<\/td>\n<td width=\"49\" valign=\"bottom\">-243<\/td>\n<\/tr>\n<tr>\n<td width=\"28\" valign=\"bottom\">8<\/td>\n<td width=\"204\" valign=\"bottom\">A.S. MAROLA<\/td>\n<td width=\"49\" valign=\"bottom\">11<\/td>\n<td width=\"49\" valign=\"bottom\">0<\/td>\n<td width=\"49\" valign=\"bottom\">11<\/td>\n<td width=\"49\" valign=\"bottom\">223<\/td>\n<td width=\"49\" valign=\"bottom\">773<\/td>\n<td width=\"49\" valign=\"bottom\">0<\/td>\n<td width=\"49\" valign=\"bottom\">-550<\/td>\n<\/tr>\n<\/tbody>\n<\/table>\n<p><em>1a giornata<\/em>: <strong><em>NOVENTA &#8211; MAROLA<\/em><\/strong>: <strong><em>61 &#8211; 34<\/em><\/strong><\/p>\n<p>Prima giornata (solo sulla carta in realt\u00e0 giocata alla fine del girone di andata) per i ragazzi degli Esordienti della Scuola Basket Noventa che oggi iniziano un p\u00f2 sotto tono ma poi si riprendono e giocano una bella partita davanti ad un numeroso pubblico (quasi tutto degli avversari a dire il vero). Nel primo parziale sbagliamo almeno 15 canestri da sotto ed infatti dopo i primi 8 minuti siamo sotto di 2 punti. Nel secondo periodo un&#8217; ottima difesa di Zen (che segna anche 12 punti in questo periodo&#8230;bravo), 7 punti per Caenaro e soprattutto la buona difesa di squadra ci fanno vincere il parziale 24-12. Dopo l&#8217; intervallo ed una piccola ramanzina i ragazzi del primo quintetto tornano in campo molto determinati e &#8220;piazzano&#8221; un parziale di 21-0 che chiude praticamente la partita (grazie soprattutto ai 13 punti nel solo terzo periodo di Manuel Pasqualin&#8230;bravo). Da segnalare anche che: 10 giocatori su 11 hanno segnato e la buona difesa di Gregolo e Gemmo (che segna anche un bel canestro). BENE COSI&#8217; !!!<\/p>\n<p>Parziali: <em>1\u00b0: 8-10. 2\u00b0: 24-12. 3\u00b0: 21-0. 4\u00b0:8-12.<\/em><\/p>\n<p>Noventa: Pasqualin S. 6, Zanellato 2, Pasqualin M. 16, Cogliati 0, Visentin 3, Gregolo 4, Nalin 3, Gemmo 2, Lupato 2, Caenaro 9, Zen 14. Istruttori: Bocchese Mauro e Gennaro Jessica<\/p>\n<p>Arbitro dell&#8217; incontro: Dragotto Vincenzo.<\/p>\n<p>Ufficio stampa SCUOLA BASKET NOVENTA VICENTINA<\/p>\n<div>\n<p><em>2a giornata<\/em>:<strong><em> NOVENTA \u2013 LONGARE<\/em><\/strong>: <strong><em>63 &#8211; 28<\/em><\/strong><\/p>\n<p>Oggi anche i nostri ragazzi categoria Esordienti hanno iniziato il loro campionato con una bella vittoria. La partita \u00e8 stata giocata bene concedendo poco agli avversari e meritando certamente di vincere la prima partita della stagione. Il primo quarto ha visto uno scatenato Emanuele Caenaro segnare 8 punti e recuparare diversi palloni, una buona difesa di tutti i noventani che vincono il periodo 14-6. Nel secondo periodo con gli altri 5 ragazzi (di cui 3 giocatori di quinta) i noventani segnano addirittura 18 punti subendone 8. Dopo l&#8217; intervallo abbiamo giocato un pochino meno bene ed infatti il terzo periodo ha visto il Longare vincere 14-10 grazie soprattutto al loro numero 7 che segna 8 punti (complimenti!!). Nell&#8217; ultimo periodo, per\u00f2, il Noventa torna ad essere pi\u00f9 aggressivo e con uno schiacciante 21-0 mette la &#8220;ciliegina sulla torta&#8221; a questa prima bella vittoria. La cosa positiva \u00e8 che su 10 ragazzi 9 hanno realizzato almeno un canestro e che <em>tutti hanno contribuito alla vittoria finale<\/em>. Da segnalare anche Nico Nalin (11 punti e 8 rimbalzi), Manuel Pasqualin (10 punti e 6 assist), Samuele Pasqualin (8 punti e 4 palle recuperate) e la buona difesa di Giovanni Lupato. BRAVI TUTTI COMUNQUE e FORZA NOVENTA!!!<\/p>\n<div>\n<p><em>3a giornata<\/em>:<strong><em> SAN GIUSEPPE &#8211; NOVENTA<\/em><\/strong>: <strong><em>50 &#8211; 18<\/em><\/strong><\/p>\n<p>Terza di ritorno molto difficile contro il San Giuseppe primo ed ancora imbattuto. I primi 8 minuti, per\u00f2, il Noventa gioca bene e sembra poter tentare di far assaporare agli avversari la prima sconfitta della stagione. Infatti, lottiamo alla grande in difesa tenendo il San Giuseppe a soli 10 punti segnati e riuscendo in alcuni momenti a giocare meglio dei primi in classifica. Nel secondo periodo, continuiamo a difendere ben per\u00f2 regaliamo 3 canestri con errori troppo gravi per la partita di oggi ed in attacco non sfruttiamo le poche occasioni da sotto senza difesa. Dopo l&#8217; intervallo giochiamo ancora bene ma sbagliamo troppi canestri; poi nel quarto quarto crolliamo inspiegabilmente facendo andare gli avversari troppo avanti nel punteggio per quanti visto in campo. Da segnalare, comunque, la buona difesa per gran parte della partita, Zen con 8 punti e Visentin con 4 punti. &#8220;Oggi abbiamo giocato per una buona parte della partita ai livelli dei nostri avversari, loro per\u00f2 sono molto precisi al tiro e difendono con un&#8217; intensit\u00e0 che non ci ha permesso di segnare canestri facili; in ogni caso a parte il quarto quarto siamo riusciti a contenerli bene, per\u00f2, se vogliamo poter vincere partite come questa dobbiamo essere pi\u00f9 concreti..&#8221; dichiara Mauro a fine partita.<\/p>\n<p>Parziali: <em>1\u00b0: 10-7. 2\u00b0: 13-4. 3\u00b0: 9-4. 4\u00b0:18-3.<\/em><\/p>\n<p>Noventa: Nalin 0, Pasqualin M. 3, Fardin 1, Pasqualin S. 0, Caenaro 2, Zen 8, Zanellato 0, Cogliati 0, Lupato 0, Visentin 4, Gemmo 0. Istruttori: Bocchese Mauro e Gennaro Jessica<\/p>\n<p>Arbitro dell&#8217; incontro: Paciolla Tommaso.<\/p>\n<p>Ufficio stampa SCUOLA BASKET NOVENTA VICENTINA<\/p>\n<div>\n<p><em>4a giornata<\/em>: <strong><em>ARGINE &#8211; <strong><em>NOVENTA<\/em><\/strong><\/em><\/strong>: <strong><em>42 &#8211; 54<\/em><\/strong><\/p>\n<p>Quarta di ritorno nella difficile trasferta di Argine per i ragazzi degli Esordienti del Noventa che non deludono le aspettative e riescono a giocare bene portando a casa una meritata seppur molto difficile e sofferta vittoria. Il primo periodo vede i noventani andare avanti nel punteggio poi, per\u00f2, il loro numero 20 (altissimo ma proprio tanto) comincia a stoppare tutti i nostri tiri non permettendoci pi\u00f9 di avvicinarci al canestro; poi ci segna anche 8 degli 11 punti del parziale mettendoci in difficolt\u00e0; nonostante tutto finiamo i primi 8 minuti sul meno 3 che non \u00e8 neanche male. Nel secondo parziale loro schierano un quintetto molto pi\u00f9 piccolo e noi siamo veramente bravi a mandare a punti tutti e 6 (si 6 anche il sesto giocatore entrato a met\u00e0 periodo) a referto: Ronny (8 punti), Emanuele(5), Edward (4), Giacomo, Marco e Davide con 2 punti a testa&#8230;bene cos\u00ec!!!..chiudiamo il primo tempo con un discreto vantaggio. Dopo l&#8217; intervallo il loro lungo non entra subito ed i nostri &#8220;piccoli&#8221; ne approfittano mettendo un parziale di 21-8 (trascinati dai cugini Pasqualin 18 punti in 2 nel solo terzo periodo&#8230;bravi!!) che sembra chiudere la partita sul pi\u00f9 venti. Nell&#8217; ultimo periodo loro hanno in campo il numero 20 ma noi a marcarlo abbiamo un Edward eccezionale che gli fa fare solo un canestro; nonostante questo rischiamo un pochino la loro rimonta ma alla fine vinciamo di 12 punti. &#8220;Bravi ragazzi, oggi non era facile e lo sapevamo, per\u00f2 avete giocato una buona partita di squadra ed anche chi non ha segnato \u00e8 stato bravo in difesa ed ha dato il suo contributo per la vittoria finale&#8221; d\u00ecchiara Mauro a fine gara.<\/p>\n<p>Parziali: <em>1\u00b0: 11-8. 2\u00b0: 11-23. 3\u00b0: 8-21. 4\u00b0:12-2.<\/em><\/p>\n<p>Noventa: Pasqualin S. 12, Zanellato 2, Pasqualin M. 12, Lupato 3, Caenaro 5, Nalin 0, Zen 4, Cogliati 4, Visentin 8, Gemmo 0, Buratti 4. Istruttori: Bocchese Mauro e Gennaro Jessica<\/p>\n<p>Ufficio stampa SCUOLA BASKET NOVENTA VICENTINA<\/p>\n<div>\n<p><em>5a giornata<\/em>: <strong><em>NOVENTA &#8211; <strong><em>7 MULINI<\/em><\/strong><\/em><\/strong>: <strong><em>58 &#8211; 16<\/em><\/strong><\/p>\n<p>Quinta di ritorno per gli Esordienti della Scuola Basket Noventa che si trovano di fronte il 7 Mulini. La partita inizia bene con i noventani a fare la partita e portarsi subito avanti nel punteggio. Il secondo periodo, per\u00f2, giochiamo male sbagliando tantissimi canestri e chiudendo il parziale con appena 5 punti segnati nonostante i tantissimi tiri effettuati. Nel terzo periodo giochiamo ancora bene e riusciamo a segnare ben 24 punti con un canestro incredibile di Emanuele Caenaro che allo scadere segna da circa met\u00e0 campo un canestro pazzesco &#8220;sinceramente sono quindici anni che alleno ma un canestro cos\u00ec dal vivo non l&#8217; avevo mai visto; soltanto in TV nelle migliori azioni della settimana NBA. Sono molto contento per Emanuele \u00e8 stato bravissimo..ma come hai fatto???? peccato non averlo ripreso con la telecamera meritava veramente..penso che comunque non lo dimenticher\u00f2 mai e nemmeno lui..grandissimo!!!&#8221; dichara Mauro a fine partita. Nell&#8217; ultimo periodo trascinati da Ronny (4 canestri nel quarto) giochiamo bene e vinciamo 15-3. Da segnalare, inoltre, i bei canestri di Davide Zanellato e Fardin Francesco e la difesa di Giovanni Lupato. Bene ragazzi continuate cos\u00ec!!!!FORZA NOVENTA!!!!<\/p>\n<p>Parziali: <em>1\u00b0: 14-1. 2\u00b0: 5-4. 3\u00b0: 24-8. 4\u00b0:15-3.<\/em><\/p>\n<p>Noventa: Nalin 2, Pasqualin M. 4, Pasqualin S. 2, Caenaro 17, Zen 6, Zanellato 5, Cogliati 4, Lupato 2, Visentin 10, Imboccioli 2, Fardin 4. Istruttori: Bocchese Mauro e Gennaro Jessica<\/p>\n<p>Arbitri dell&#8217; incontro: Dragotto Vincenzo e Gennaro Jessica.<\/p>\n<p>Ufficio stampa SCUOLA BASKET NOVENTA VICENTINA<\/p>\n<div>\n<p><em>6a giornata<\/em>: <strong><em>ALTAVILA &#8211; <strong><em>NOVENTA<\/em><\/strong><\/em><\/strong>: <strong><em>41 &#8211; 29<\/em><\/strong><\/p>\n<p>Sesta di ritorno nella insidiosa trasferta di Altavilla in una mattinata post cambio dell&#8217; ora che ha visto i ragazzi e non solo fare una levataccia verso le 6.30 dell&#8217; ora &#8220;vecchia&#8221;. I ragazzi, per\u00f2, sembrano svegli e pronti e scendono in campo decisi a provare a vincere una partita che sar\u00e0 di sicuro molto difficile. Nel primo parziale abbiamo in campo: Manu, Samu, Francesco, Ronny e Filippo ed i nostri avversari schierano il loro giocatore pi\u00f9 forte (il numero 17); riusciamo, per\u00f2, a difendere molto bene ed a fare dei bei canestri trascinati dagli 8 punti di Manuel che ci fanno restare vicini nel punteggio sul meno 3. Nel secondo parziale schieriamo Emanuele, Edward, Giovanni, Marco, Davide e Nico; loro hanno un quintetto un p\u00f2 meno forte del primo ma non riusciamo a segnare molti punti (5) a causa di tantissimi errori da sotto ed andiamo quindi al riposo sul 23-19 per l&#8217; Altavilla. Dopo l&#8217; intervallo abbiamo ancora dei problemi in attacco e subiamo un parziale di 12-6 che ci manda sotto nel punteggio. Nell&#8217; ultimo periodo facciamo una gran difesa contenendo benissino il loro numero 17 grazie soprattutto ad Edward che gli concede solo 2 punti ma facciamo ancora troppi errori in attacco segnando solo 4 punti. &#8220;Oggi i ragazzi hanno giocato bene, per\u00f2 non siamo stati precisi al tiro e questo ci ha fatto andare un pochino sotto nel punteggio; comunque, abbiamo lottato con il massimo impegno e questo \u00e8 molto importante, bravi ragazzi!!; devo dire che abbiamo avuto anche un pochino di sfortuna su alcuni tiri che proprio non volevano entrare..peccato per\u00f2 avete fatto una buona partita&#8221; dichiara Mauro a fine gara.<\/p>\n<p>Parziali: <em>1\u00b0: 17-14. 2\u00b0: 6-5. 3\u00b0: 12-6. 4\u00b0:6-4.<\/em><\/p>\n<p>Noventa: Pasqualin S. 4, Zanellato 0, Pasqualin M. 10, Lupato 4, Caenaro 3, Nalin 2, Gregolo 0, Zen 2, Fardin 0, Cogliati 2, Visentin 2. Istruttori: Bocchese Mauro e Gennaro Jessica<\/p>\n<p>Ufficio stampa SCUOLA BASKET NOVENTA VICENTINA<\/p>\n<div>\n<p><em>7a giornata<\/em>: <strong><em>ARACELI &#8211; <strong><em>NOVENTA <\/em><\/strong><\/em><\/strong>: <strong><em>31 &#8211; 40<\/em><\/strong><\/p>\n<p>Ultima giornata di campionato per i ragazzi degli Esordienti che oggi giocano in trasferta senza il loro allenatore Mauro che per\u00f2 viene ben sostituito da Daniele Caenaro che debutta in panchina con una vittoria sofferta ma meritata. La partita inizia molto bene con i ragazzi del Noventa avanti 7-0 dopo pochi minuti grazie soprattutto ad uno scatenato Davide Zanellato (5 punti nel solo primo periodo); da qui per\u00f2 abbiamo un piccolo black out: realizziamo un auto-canestro (tra l&#8217; altro molto bello!! niente paura sono cose che succedono) e poi subiamo un parziale di 6-5 in favore dei nostri avversari che ci fa chiudere i primi 8 minuti sul 12-8 per noi. Il secondo quarto \u00e8 molto equilibrato (6-6) ma in attacco non riusciamo proprio a fare canestro sbagliando molti tiri da sotto. Il terzo periodo \u00e8 a nostro favore grazie soprattutto alla gran difesa di Giovanni Lupato ed i 9 punti nel solo parziale di Edward Zen che ci fanno andare avanti nel punteggio. Negli ultimi 8 minuti sbagliamo ancora molti canestri ma grazie soprattutto ai bei canestri di Ronny Visentin (10 punti su 11 totali della squadra nel quarto..bravo!!) restiamo in equilibrio e portiamo a casa una vittoria sofferta ma meritata. &#8220;I ragazzi hanno giocato bene, hanno difeso molto intensamente ma in attacco abbiamo sbagliato dei canestri facili che ci avrebbero permesso di fare molti pi\u00f9 punti bravi comunque&#8221; dichiara Daniele Caenaro a fine partita. Da segnalare l&#8217; ottima partita di Davide, Ronny ed Eward ma anche la difesa di Emanuele e Giovanni. Bravi ragazzi!!! &#8220;Abbiamo fatto un buon campionato giocando delle belle partite anche con squadre molto forti come il San Giuseppe; adesso dobbiamo aspetare la classifica finale per sapere se andremo a giocare le finali provinciali alle quali accederanno le prime due classificate; teoricamente siamo terzi alle spalle dell&#8217; Altavilla ma una piccola speranza c&#8217; \u00e8 ancora&#8230;in ogni caso sono molto contento del campionato che abbiamo fatto&#8230;BRAVI RAGAZZI!!&#8221; dichiara Mauro.<\/p>\n<p>Parziali: <em>1\u00b0: <\/em><em>8-12<\/em><em>. 2\u00b0: 6-6. 3\u00b0: 4-11. 4\u00b0:13-11.<\/em><\/p>\n<p>Noventa: Zanellato 7, Cogliati 2, Visentin 10, Gregolo 0, Imboccioli 0, Caenaro 3, Gemmo 2, Lupato 3, Nalin 0, Zen 13, Alberti 0, Muraro 0. Istruttori: Caenaro Daniele e Bocchese Mauro<\/p>\n<p>Ufficio stampa SCUOLA BASKET NOVENTA VICENTINA<\/p>\n<\/div>\n<\/div>\n<\/div>\n<\/div>\n<\/div>\n<p>\u00a0<\/p>\n<\/div>\n<\/div>\n","protected":false},"excerpt":{"rendered":"<p>\u00a0 Posizione Squadra G V P F S Punti Diff.. \u00a0 \u00a0 \u00a0 \u00a0 \u00a0 \u00a0 \u00a0 2 \u00a0 1 M.B. SAN GIUSEPPE 14 14 0 1081 249 28 832 2 PALL. ALTAVILLA 14 11 3 746 406 22 340 3 SC. BASKET NOVENTA 14 9 5 648 444 18 204 4 NUOVO ARGINE 13 [&hellip;]<\/p>\n","protected":false},"author":88286,"featured_media":0,"parent":3332,"menu_order":4,"comment_status":"closed","ping_status":"closed","template":"","meta":{"footnotes":""},"class_list":["post-4826","page","type-page","status-publish","hentry"],"_links":{"self":[{"href":"https:\/\/www.scuolabasketnoventapojana.org\/index.php?rest_route=\/wp\/v2\/pages\/4826","targetHints":{"allow":["GET"]}}],"collection":[{"href":"https:\/\/www.scuolabasketnoventapojana.org\/index.php?rest_route=\/wp\/v2\/pages"}],"about":[{"href":"https:\/\/www.scuolabasketnoventapojana.org\/index.php?rest_route=\/wp\/v2\/types\/page"}],"author":[{"embeddable":true,"href":"https:\/\/www.scuolabasketnoventapojana.org\/index.php?rest_route=\/wp\/v2\/users\/88286"}],"replies":[{"embeddable":true,"href":"https:\/\/www.scuolabasketnoventapojana.org\/index.php?rest_route=%2Fwp%2Fv2%2Fcomments&post=4826"}],"version-history":[{"count":26,"href":"https:\/\/www.scuolabasketnoventapojana.org\/index.php?rest_route=\/wp\/v2\/pages\/4826\/revisions"}],"predecessor-version":[{"id":4852,"href":"https:\/\/www.scuolabasketnoventapojana.org\/index.php?rest_route=\/wp\/v2\/pages\/4826\/revisions\/4852"}],"up":[{"embeddable":true,"href":"https:\/\/www.scuolabasketnoventapojana.org\/index.php?rest_route=\/wp\/v2\/pages\/3332"}],"wp:attachment":[{"href":"https:\/\/www.scuolabasketnoventapojana.org\/index.php?rest_route=%2Fwp%2Fv2%2Fmedia&parent=4826"}],"curies":[{"name":"wp","href":"https:\/\/api.w.org\/{rel}","templated":true}]}}