{"id":17586,"date":"2025-01-19T19:05:29","date_gmt":"2025-01-19T17:05:29","guid":{"rendered":"https:\/\/www.scuolabasketnoventapojana.org\/?page_id=17586"},"modified":"2025-01-19T19:21:31","modified_gmt":"2025-01-19T17:21:31","slug":"1-sbnp-trissino","status":"publish","type":"page","link":"https:\/\/www.scuolabasketnoventapojana.org\/?page_id=17586","title":{"rendered":"1 &#8211; SBNP &#8211; TRISSINO"},"content":{"rendered":"\n<p>SBNP &#8211; <strong>TRISSINO: 60 &#8211; 36<\/strong><\/p>\n\n\n\n<p>Prima di ritorno oggi per i ragazzi del gruppo U14 che giocano bene anche se in alcuni momenti della gara staccano la spina e si vedono subito gli effetti con gli ospiti che si avvicinano nel punteggio, ma nel complesso, abbiamo tenuto sempre sotto controllo il risultato e la partita. Da segnalare la <strong>festa della TRIPLA<\/strong> come non si era mai vista e vari ragazzi che dovranno quindi <em>portare le paste<\/em> (mi raccomando non tutti lo stesso giorno) per l<em><strong>a loro prima BOMBA della CARRIERA, ecco i magnifici 4: EMA, SELDI, CRIS e GIULIATI..complimenti&#8230;aspettiamo fiduciosi ai prossimi allenamenti!!! HAHA..<\/strong><\/em><\/p>\n\n\n\n<p>Bravi anche gli altri anche perch\u00e8 abbiamo affrontato per la prima volta la difesa a zone e per tutta la gara..non \u00e8 scontato riuscire ad attaccarla&#8230;certo che le BOMBE aiutano&#8230;bene cos\u00ec!!!<\/p>\n\n\n\n<p>Parziali: 1. 20-4 2. 10-14 3. 21-4 4. 9-14<\/p>\n\n\n\n<p><strong>SBNP: Siviero 0, Tenu 5, Bocchese 3, Reka 5, Giuliati 25, Sartori 3, Pasquale (cap) 8, Cremon 0, Caminiti 2, Gnesin 5, Faedo 4. Coach: Bocchese Mauro<\/strong>.<\/p>\n\n\n\n<p>Ufficio Stampa SBNP<\/p>\n","protected":false},"excerpt":{"rendered":"<p>SBNP &#8211; TRISSINO: 60 &#8211; 36 Prima di ritorno oggi per i ragazzi del gruppo U14 che giocano bene anche se in alcuni momenti della gara staccano la spina e si vedono subito gli effetti con gli ospiti che si avvicinano nel punteggio, ma nel complesso, abbiamo tenuto sempre sotto controllo il risultato e la [&hellip;]<\/p>\n","protected":false},"author":88286,"featured_media":0,"parent":10867,"menu_order":11,"comment_status":"closed","ping_status":"closed","template":"","meta":{"footnotes":""},"class_list":["post-17586","page","type-page","status-publish","hentry"],"_links":{"self":[{"href":"https:\/\/www.scuolabasketnoventapojana.org\/index.php?rest_route=\/wp\/v2\/pages\/17586","targetHints":{"allow":["GET"]}}],"collection":[{"href":"https:\/\/www.scuolabasketnoventapojana.org\/index.php?rest_route=\/wp\/v2\/pages"}],"about":[{"href":"https:\/\/www.scuolabasketnoventapojana.org\/index.php?rest_route=\/wp\/v2\/types\/page"}],"author":[{"embeddable":true,"href":"https:\/\/www.scuolabasketnoventapojana.org\/index.php?rest_route=\/wp\/v2\/users\/88286"}],"replies":[{"embeddable":true,"href":"https:\/\/www.scuolabasketnoventapojana.org\/index.php?rest_route=%2Fwp%2Fv2%2Fcomments&post=17586"}],"version-history":[{"count":4,"href":"https:\/\/www.scuolabasketnoventapojana.org\/index.php?rest_route=\/wp\/v2\/pages\/17586\/revisions"}],"predecessor-version":[{"id":17590,"href":"https:\/\/www.scuolabasketnoventapojana.org\/index.php?rest_route=\/wp\/v2\/pages\/17586\/revisions\/17590"}],"up":[{"embeddable":true,"href":"https:\/\/www.scuolabasketnoventapojana.org\/index.php?rest_route=\/wp\/v2\/pages\/10867"}],"wp:attachment":[{"href":"https:\/\/www.scuolabasketnoventapojana.org\/index.php?rest_route=%2Fwp%2Fv2%2Fmedia&parent=17586"}],"curies":[{"name":"wp","href":"https:\/\/api.w.org\/{rel}","templated":true}]}}