{"id":17551,"date":"2024-12-14T10:22:57","date_gmt":"2024-12-14T08:22:57","guid":{"rendered":"https:\/\/www.scuolabasketnoventapojana.org\/?page_id=17551"},"modified":"2024-12-15T18:40:39","modified_gmt":"2024-12-15T16:40:39","slug":"7-sbnp-berica","status":"publish","type":"page","link":"https:\/\/www.scuolabasketnoventapojana.org\/?page_id=17551","title":{"rendered":"7 &#8211; SBNP &#8211; Berica"},"content":{"rendered":"\n<p><strong>SBNP &#8211; Berica: 30-65<\/strong><\/p>\n\n\n\n<p>Gara che comincia male per i nostri che nei primi 10 minuti mettono a referto solo 3 punti con tanti errori in attacco e la non difesa che ha permesso ai nostri avversari di realizzare molti canestri facili da sotto il canestro. Nella ripresa molto meglio, giochiamo pi\u00f9 sciolti ed alla pari ma la partita \u00e8 &#8220;scappata&#8221; ed il punteggio finale ci vede perdere malamente. <\/p>\n\n\n\n<p>&#8220;Oggi non siamo stati concentrati fin dal riscaldamento ed alla palla due non siamo stati pronti..abbiamo difeso veramente male lasciando giocare gli avversari che non hanno avuto vita difficile per concludere a canestro..noi invece abbiamo dovuto faticare per trovare tiri da vicino per la loro difesa pi\u00f9 aggressiva..dobbiamo rimboccarci le maniche stiamo attraversando una fase negativa..la sola cosa da fare \u00e8 allenarsi con maggior impegno per avere poi dei risultati pi\u00f9 soddisfacenti!!!&#8221;.<\/p>\n\n\n\n<p><em>Parziali: 1. 3-18 2. 7-22 3. 7-13 4. 13-12<\/em><\/p>\n\n\n\n<p><strong>SBNP: Siviero 0, Tenu 4, Gnesin 1, Faedo 0, Bocchese 8, Reka 2, Giuliati 12, Sartori 1, Caminiti 2, El Khalkhal 0. Coach: Bocchese Mauro<\/strong><\/p>\n\n\n\n<p>Ufficio Stampa SBNP<\/p>\n","protected":false},"excerpt":{"rendered":"<p>SBNP &#8211; Berica: 30-65 Gara che comincia male per i nostri che nei primi 10 minuti mettono a referto solo 3 punti con tanti errori in attacco e la non difesa che ha permesso ai nostri avversari di realizzare molti canestri facili da sotto il canestro. Nella ripresa molto meglio, giochiamo pi\u00f9 sciolti ed alla [&hellip;]<\/p>\n","protected":false},"author":88286,"featured_media":0,"parent":10867,"menu_order":7,"comment_status":"closed","ping_status":"closed","template":"","meta":{"footnotes":""},"class_list":["post-17551","page","type-page","status-publish","hentry"],"_links":{"self":[{"href":"https:\/\/www.scuolabasketnoventapojana.org\/index.php?rest_route=\/wp\/v2\/pages\/17551","targetHints":{"allow":["GET"]}}],"collection":[{"href":"https:\/\/www.scuolabasketnoventapojana.org\/index.php?rest_route=\/wp\/v2\/pages"}],"about":[{"href":"https:\/\/www.scuolabasketnoventapojana.org\/index.php?rest_route=\/wp\/v2\/types\/page"}],"author":[{"embeddable":true,"href":"https:\/\/www.scuolabasketnoventapojana.org\/index.php?rest_route=\/wp\/v2\/users\/88286"}],"replies":[{"embeddable":true,"href":"https:\/\/www.scuolabasketnoventapojana.org\/index.php?rest_route=%2Fwp%2Fv2%2Fcomments&post=17551"}],"version-history":[{"count":4,"href":"https:\/\/www.scuolabasketnoventapojana.org\/index.php?rest_route=\/wp\/v2\/pages\/17551\/revisions"}],"predecessor-version":[{"id":17556,"href":"https:\/\/www.scuolabasketnoventapojana.org\/index.php?rest_route=\/wp\/v2\/pages\/17551\/revisions\/17556"}],"up":[{"embeddable":true,"href":"https:\/\/www.scuolabasketnoventapojana.org\/index.php?rest_route=\/wp\/v2\/pages\/10867"}],"wp:attachment":[{"href":"https:\/\/www.scuolabasketnoventapojana.org\/index.php?rest_route=%2Fwp%2Fv2%2Fmedia&parent=17551"}],"curies":[{"name":"wp","href":"https:\/\/api.w.org\/{rel}","templated":true}]}}