{"id":13722,"date":"2016-03-27T00:05:30","date_gmt":"2016-03-26T22:05:30","guid":{"rendered":"http:\/\/www.scuolabasketnoventavicentina.org\/?page_id=13722"},"modified":"2017-02-12T02:02:02","modified_gmt":"2017-02-12T00:02:02","slug":"torneo-di-cesenatico","status":"publish","type":"page","link":"https:\/\/www.scuolabasketnoventapojana.org\/?page_id=13722","title":{"rendered":"Torneo di Cesenatico"},"content":{"rendered":"<p>Pasqua 2016 in quel di Cesenatico, quest&#8217;anno per i ragazzi della Scuola Basket Noventa, che sono impegnati in un torneo Internazionale da Sabato 26 a Marted\u00ec 29 Marzo. I magnifici dieci sono:<br \/>\n<em>Campagnolo Marco, Rossato Alberto, Castellan Maurizio, Trentin Gabriele, Chiemento Michele, Sattin Francesco, Andriolo Giovanni, Cappellotto Giovanni(capitano), Segato Nico e Gambalonga Thomas<\/em><\/p>\n<p>26\/03<br \/>\nTutti emozionati alla partenza ore 9, arriviamo al villaggio ore 12.30 si mangia e poi ore 15.30 si scende in campo contro la Fortitudo Bologna e gi\u00e0 il nome potrebbe fare paura. I Noventani, per\u00f2, non soffrono di nessun tipo di timore reverenziale e dal primo minuto danno spettacolo e filo da torcere ai bolognesi; alla pausa siamo 34-30 per noi, poi nel secondo tempo piccolo parziale per noi e andiamo avanti di una decina che poi riusciamo a tenere fino alla fine nonostante i problemi di falli di Thomas; oggi abbiamo il capitano in giornata e per gli avversari non ci sono grandi rimedi: neppure i falli nel finale servono ed il Cappe in 40 minuti di gioco mette a segno 38 punti, 14 rimbalzi, 6 recuperi e 5 assist..MVP!! Da segnalare anche la doppia cifra di Sattin con 10 punti ma soprattutto la buona prestazione in generale della squadra. Ore 23.00 tutti a nanna e domani altre due gare tutte da giocare..Forza Noventa!!!<br \/>\n27\/03<br \/>\nOggi ci aspettano due gare una contro Milano e pi\u00f9 precisamente con i &#8220;Tigers&#8221; che ieri hanno fatto pi\u00f9 di cento punti nella gara di apertura ed una contro Torino nel pomeriggio. Ore 7.30 sveglia, colazione e poi via con il Pullman insieme con i nostri avversari; inizia la partita ed il Noventa parte molto forte: 11-1 dopo circa 7 minuti di gioco e la nostra difesa che non lascia canestri facili alle &#8220;tigri&#8221;, poi per\u00f2 cominciano a segnare e recuperano sul 12-7. I noventani, per\u00f2, non si lasciano avvicinare troppo e ricominciano a segnare a ripetizione chiudendo il primo tempo 36-20. Dopo la pausa i Tigers sono molto aggressivi e cercano di fermarci con qualche fallo ma dimostriamo a suon di canestri di meritare la vittoria che arriva con un sontuoso 69-42. Da segnalare: un auto-canestro di Cappe (scherzo!!) oltre ad altri 44 punti nel canestro avversario ed un ottimo Thomas che dopo la gara di apertura condizionata dai falli \u00e8 stato determinato ed attento nelle stoppate e preciso al tiro.<br \/>\nTorniamo e dopo il pranzo e la pausetta di mezzora circa ci mettiamo in cammino (nel vero senso della parola) verso i campi dove ci attende il Settimo di Torino che si ricorder\u00e0 delle furie rosse del Noventa con ben 5 giocatori in doppia cifra trascinati da Rossato Alberto (miglior realizzatore con 18 punti), Castellan Maurizio (14) e uno scatenato Marco Campagnolo con 8 punti e 4 recuperi e i 9 punti di Gabriele. Il Noventa, quindi chiude le prime due giornate di torneo in testa alla classifica del girone A davanti alla Fortitudo Bologna e si giocher\u00e0 da domani le finali dal primo all&#8217;ottavo posto. La gara contro i vincenti del girone B si disputer\u00e0 alle ore 12.30 e sar\u00e0 tutta da vivere contro Verona. Intanto alle ore 23 tutti a nanna per ricaricare le batterie come i nostri tifosi che oggi erano stremati ed avevano scaricato pure le trombe (prendendo anche parole dai tifosi avversari per il troppo rumore..hahahaha..troppo forti i nostri Ultras!!!!).<br \/>\n28\/03<br \/>\nSveglia ore 8.00 colazione in attesa della sfida contro la Cestistica di Verona che da voci di corridoio (poi confermate parlando con loro) sono imbattuti da inizio stagione in campionato anche nelle fasi finali ed hanno una media punti molto alta; la sfida sar\u00e0 molto interessante. Il loro play ci mette subito in grande difficolt\u00e0, poi, ci pensano a turno Michele e Gio e riusciamo a contenerlo mentre dall&#8217;altra parte del campo abbiamo ancora il capitano che &#8220;vede il canestro grande come una vasca da bagno&#8221; (citazione di Flavio Tranquillo commentatore Sky) e la mette in tutti i modi possibili ed immaginabili per un U13 (immarcabile!!!!) e poi abbiamo anche uno scatenato Thomas che in post basso mette in mostra dei movimenti niente male. Andiamo alla pausa subendo una brutta tripla che fa &#8220;imbufalire&#8221; il coach. Nella ripresa abbiamo molto di Mauri che mette a segno 7 punti e chiudiamo la &#8220;pratica&#8221; con un 75-50 che ci manda tra le TOP FOUR a giocarci appunto le SEMIFINALI.<br \/>\nOre 19 Palacesenatico:<br \/>\nAncora non ci sembra vero, ma il Noventa \u00e8 in semifinale contro Roma, si avete capito bene la Capitale!!! I Romani sono scatenatissimi e dopo 90&#8221; Mauro \u00e8 costretto a chiamare il Time-Out sul 0-6. Si riprende ma niente da fare sono incontenibili e senza riuscire praticamente a giocare ci troviamo sotto 2-14. Dalla panchina proviamo a mescolare le carte ma loro sono di una intensit\u00e0 mai vista e con un colosso a centro area che fa sembrare Thomas un nano, ma non sto scherzando sar\u00e0 195 cm per 140kg praticamente immarcabile. I ragazzi del Noventa per\u00f2 reagiscono come dei leoni ed in qualche modo restiamo a contatto andando negli spogliatoi sul 26-37 per loro. Nella ripresa continuiamo a recuperare un pochino alla volta ed a cinque minuti dalla fine siamo 50-54 per loro ma sul pi\u00f9 bello commettiamo due errori che ci rimandano sotto di 8. Prima Francy con una bomba e poi Cappe con un (come dicono dall&#8217;altra parte dell&#8217;oceano) &#8220;long two&#8221; ci riavvicinano ed a 19 secondi dalla fine siamo sotto di uno con la rimessa per noi in attacco dopo il Time-Out. Il finale sembra quello che tutti sognano..purtroppo la palla gira sul ferro ed esce. Perdiamo di uno giocando la miglior partita di sempre avendo dato l&#8217;anima e anche di pi\u00f9..cosa dire a questi fantastici ragazzi!!! L&#8217;emozione \u00e8 tanta da parte di tutti e usciamo tra gli applausi di tifosi nostri e anche loro che si sono veramente &#8220;ca&#8230;. addosso&#8221; dopo aver passato il turno precedente con uno scarto di 50 punti ma con noi hanno avuto vita dura e da puntualizzare che gli ultimi cinque minuti si sono schierati a zona e che abbiamo avuto una bassa percentuale ai liberi rispetto alle altre gare: 11 su 25.<br \/>\nTorniamo in albergo ed i nostri tifosi continuano a cantare anche durante la cena. Domani si giocher\u00e0 la finale per il terzo posto..alle 23.30 tutti a letto.<br \/>\n29\/03<br \/>\nUltimo giorno di torneo e solo le finaliste giocano, quindi noi ci siamo..che soddisfazione!!! Sveglia ore 7.00 colazione e si va per la gara delle ore 9.00. I nostri avversari sono il Mantova e nei primi minuti ci mettono sotto di brutto. I ragazzi non difendono e lasciamo canestri inspiegabili. Nella seconda parte del primo tempo cominciamo a giocare un pochino meglio ed in qualche modo chiudiamo sotto di due punti il primo parziale. Nella ripresa ci affidiamo ai nostri tre lunghi, ed in particolare \u00e8 Nico a fare la differenza con 14 rimbalzi, 11 punti, 3 assist e 7 recuperi..grande!!  Oggi, per\u00f2, sono i nostri ragazzi a volere portare a casa la vittoria e con determinazione, difesa, rimbalzi e pazienza la mettiamo a posto&#8230;alla sirena siamo noi ad esultare e neanche a dirlo la curva esplode..<br \/>\nIL NOVENTA VINCE E PORTA A CASA IL TERZO POSTO!!! TROPPO FORTI!!!<br \/>\nDopo le foto di rito con la coppa, le interviste, gli autografi ai tifosi, ecc..tanto per cambiare festeggiamo con paste e bibite quella che \u00e8 stata un&#8217;esperienza incredibile che sicuramente rimarr\u00e0 nel mio cuore!! Sono certo che anche per tutti i ragazzi rester\u00e0 un ricordo indelebile, indipendentemente dal risultato ma proprio per la vita di gruppo 24 ore su 24, il clima che si respirava all&#8217;EUROCAMP..TROPPO BELLO!!!!!<br \/>\nCosa aggiungere..Un grazie ed un bacio alla mia assistente, addetta alle public relations, massaggiatrice e &#8220;chi ne ha pi\u00f9 ne metta&#8221; JESSICA!!!<br \/>\nGRAZIE RAGAZZI!!!!!<br \/>\nGRAZIE GENITORI!!!<\/p>\n<p>A questo punto come gi\u00e0 chiesto da qualcuno si replicher\u00e0 magari con un mega torneo all&#8217;Estero&#8230;che dite, la Spagna potrebbe fare al caso nostro..chiss\u00e0..intanto continuiamo a goderci per un pochino quello che abbiamo vissuto insieme.<br \/>\nIl vostro Coach.<\/p>\n","protected":false},"excerpt":{"rendered":"<p>Pasqua 2016 in quel di Cesenatico, quest&#8217;anno per i ragazzi della Scuola Basket Noventa, che sono impegnati in un torneo Internazionale da Sabato 26 a Marted\u00ec 29 Marzo. I magnifici dieci sono: Campagnolo Marco, Rossato Alberto, Castellan Maurizio, Trentin Gabriele, Chiemento Michele, Sattin Francesco, Andriolo Giovanni, Cappellotto Giovanni(capitano), Segato Nico e Gambalonga Thomas 26\/03 Tutti [&hellip;]<\/p>\n","protected":false},"author":88286,"featured_media":0,"parent":14643,"menu_order":2,"comment_status":"open","ping_status":"closed","template":"","meta":{"footnotes":""},"class_list":["post-13722","page","type-page","status-publish","hentry"],"_links":{"self":[{"href":"https:\/\/www.scuolabasketnoventapojana.org\/index.php?rest_route=\/wp\/v2\/pages\/13722","targetHints":{"allow":["GET"]}}],"collection":[{"href":"https:\/\/www.scuolabasketnoventapojana.org\/index.php?rest_route=\/wp\/v2\/pages"}],"about":[{"href":"https:\/\/www.scuolabasketnoventapojana.org\/index.php?rest_route=\/wp\/v2\/types\/page"}],"author":[{"embeddable":true,"href":"https:\/\/www.scuolabasketnoventapojana.org\/index.php?rest_route=\/wp\/v2\/users\/88286"}],"replies":[{"embeddable":true,"href":"https:\/\/www.scuolabasketnoventapojana.org\/index.php?rest_route=%2Fwp%2Fv2%2Fcomments&post=13722"}],"version-history":[{"count":13,"href":"https:\/\/www.scuolabasketnoventapojana.org\/index.php?rest_route=\/wp\/v2\/pages\/13722\/revisions"}],"predecessor-version":[{"id":14645,"href":"https:\/\/www.scuolabasketnoventapojana.org\/index.php?rest_route=\/wp\/v2\/pages\/13722\/revisions\/14645"}],"up":[{"embeddable":true,"href":"https:\/\/www.scuolabasketnoventapojana.org\/index.php?rest_route=\/wp\/v2\/pages\/14643"}],"wp:attachment":[{"href":"https:\/\/www.scuolabasketnoventapojana.org\/index.php?rest_route=%2Fwp%2Fv2%2Fmedia&parent=13722"}],"curies":[{"name":"wp","href":"https:\/\/api.w.org\/{rel}","templated":true}]}}